{"id":12985,"date":"2022-03-13T07:27:37","date_gmt":"2022-03-13T07:27:37","guid":{"rendered":"http:\/\/www.art-medical.ro\/?page_id=12985"},"modified":"2022-03-13T08:11:02","modified_gmt":"2022-03-13T08:11:02","slug":"servicii","status":"publish","type":"page","link":"https:\/\/www.art-medical.ro\/en\/servicii\/","title":{"rendered":"Services"},"content":{"rendered":"<p>[vc_row][vc_column][vc_column_text el_class=&#8221;title-se&#8221;]<\/p>\n<h2>IMPLANTOLOGIE<\/h2>\n<p>[\/vc_column_text][vc_row_inner][vc_column_inner width=&#8221;1\/2&#8243;][vc_column_text el_class=&#8221;cont-ss&#8221;]<\/p>\n<p>Momentul \u00een care suntem priva\u021bi de existen\u021ba unui dinte poate s\u0103 fie nepl\u0103cut din mai multe considerente: estetice, practice \u2013 de mastica\u021bie, psihologice, etc. Pierderea unei unitati dentare produce modificari atat locale (atrofie osoasa,scaderea calitatii si cantitatii osoase,retractie gingivala) cat si generale.<\/p>\n<p class=\"translation-block\">The major advantage of the dental implant is that it allows the replacement of a tooth without affecting the neighboring teeth.<\/p>\n<p>[\/vc_column_text][vc_single_image image=&#8221;12992&#8243; img_size=&#8221;full&#8221; el_class=&#8221;imgg-ss&#8221;][\/vc_column_inner][vc_column_inner width=&#8221;1\/2&#8243;][vc_column_text el_class=&#8221;cont-ss&#8221;]<\/p>\n<p>Implanturile dentare permit inlocuirea unui singur dinte sau a unei intregi arcade, restabilind aspectul fizionomic, refacerea functiei aparatului dento-maxilar si a starii de sanatate orala. Interventia de aplicare a implantului dentar este minim invaziva, lipsita de durere, cu rezultate predictibile si stabile in timp.<\/p>\n<p>[\/vc_column_text][\/vc_column_inner][\/vc_row_inner][\/vc_column][\/vc_row][vc_row][vc_column][vc_column_text el_class=&#8221;title-se&#8221;]<\/p>\n<h2>AUGMENTAREA OSOASA<\/h2>\n<p>[\/vc_column_text][vc_row_inner][vc_column_inner width=&#8221;1\/2&#8243;][vc_column_text el_class=&#8221;cont-ss&#8221;]<\/p>\n<p>Augumentarea osoas\u0103 asigur\u0103 substratul osos necesar inser\u021biei, pozi\u021bion\u0103rii \u0219i vindec\u0103rii corecte a implanturilor dentare, prin corectarea defectelor de volum, form\u0103 sau consisten\u021b\u0103 ale crestei osoase.<\/p>\n<p>[\/vc_column_text][vc_single_image image=&#8221;12995&#8243; img_size=&#8221;full&#8221; el_class=&#8221;imgg-ss&#8221;][\/vc_column_inner][vc_column_inner width=&#8221;1\/2&#8243;][vc_column_text el_class=&#8221;cont-ss&#8221;]<\/p>\n<p>For patients who do not have the correct amount of bone mass for implant placement, bone grafting may be necessary. This process augments the bone in which the implant will be placed, ensuring there is enough space. If there is little space for implant placement, sinus grafting may be necessary on the upper jaw area.\nBone reconstruction can be done using biomaterials, autologous bone or a combination of these.<\/p>\n<p>[\/vc_column_text][vc_single_image image=&#8221;12994&#8243; img_size=&#8221;full&#8221; el_class=&#8221;imgg-ss&#8221;][\/vc_column_inner][\/vc_row_inner][\/vc_column][\/vc_row][vc_row][vc_column][vc_column_text el_class=&#8221;title-se&#8221;]<\/p>\n<h2>CHIRURGIE ORALA SI MAXILO-FACIALA<\/h2>\n<p>[\/vc_column_text][vc_row_inner][vc_column_inner width=&#8221;1\/2&#8243;][vc_column_text el_class=&#8221;cont-ss&#8221;]<\/p>\n<p>Experienta de peste 15 ani in diagnosticul si tratamentul patologiei orale si maxilofaciale, abordarea conservativ\u0103 si managementul corect, at\u00e2t al \u021besuturilor moi c\u00e2t \u0219i al celor dure, sunt p\u00e2rghiile prin care reu\u0219im s\u0103 mic\u0219or\u0103m impactul interven\u021biilor chirurgicale.<\/p>\n<p>[\/vc_column_text][vc_single_image image=&#8221;12997&#8243; img_size=&#8221;full&#8221; el_class=&#8221;imgg-ss&#8221;][\/vc_column_inner][vc_column_inner width=&#8221;1\/2&#8243;][vc_column_text el_class=&#8221;cont-ss&#8221;]<\/p>\n<p>La Art Medical, \u00een cazul interven\u021biilor chirurgicale care o cer, ne asiguram c\u0103 interventia chirurgicala se va desf\u0103\u0219ura \u00een condi\u021bii de confort, siguran\u021b\u0103 pentru pacient si fara durere.<\/p>\n<p>[\/vc_column_text][\/vc_column_inner][\/vc_row_inner][\/vc_column][\/vc_row][vc_row][vc_column][vc_column_text el_class=&#8221;title-se&#8221;]<\/p>\n<h2>ESTETICA DENTARA<\/h2>\n<p>[\/vc_column_text][vc_row_inner][vc_column_inner width=&#8221;1\/2&#8243;][vc_column_text el_class=&#8221;cont-ss&#8221;]<\/p>\n<p>When was the last time you smiled?<br \/>\nZambetul a devenit o piesa elementara in zilele noastre, o necesitate si o stare de bine.<\/p>\n<p>Atunci cand z\u00e2mbetul t\u0103u nu te mai face s\u0103 te sim\u021bi \u00eencrez\u0103tor \u00een propria persoan\u0103, trebuie sa stii c\u0103 acum exist\u0103 solu\u021bii simple care \u00ee\u021bi readuc z\u00e2mbetul pe buze.<\/p>\n<p>[\/vc_column_text][vc_single_image image=&#8221;12999&#8243; img_size=&#8221;full&#8221; el_class=&#8221;imgg-ss&#8221;][\/vc_column_inner][vc_column_inner width=&#8221;1\/2&#8243;][vc_column_text el_class=&#8221;cont-ss&#8221;]<\/p>\n<p>Estetica dentara are ca scop obtinerea unui zambet cat mai frumos si atragator. Aceasta este intr-o continua evolutie si vine in intampinarea nevoilor pacientilor cu tehnologii noi de realizare a unor dinti cat mai naturali, schimband viata pacientilor prin cresterea increderii de sine. Procedeele variaza de la cele mai simple tehnici de albire a dintilor, pana la lucrari protetice efectuate in laborator, cum sunt fatetele din ceramica, coroanele din ceramica integrala, ceramica pe suport de zirconiu etc.<\/p>\n<p>[\/vc_column_text][\/vc_column_inner][\/vc_row_inner][\/vc_column][\/vc_row][vc_row][vc_column][vc_column_text el_class=&#8221;title-se&#8221;]<\/p>\n<h2>ODONTOTERAPIE<\/h2>\n<p>[\/vc_column_text][vc_row_inner][vc_column_inner width=&#8221;1\/2&#8243;][vc_column_text el_class=&#8221;cont-ss&#8221;]<\/p>\n<p>Caria dentara este cea mai frecventa afectiune dentara intalnita in randul pacientilor; Simptomele pot varia de la aparitia unei simple jene in masticatie, durere la variatiile de temperatura (cald, rece), gustul dulce pana la dureri spontane care nu cedeaza la calmante.<\/p>\n<p>[\/vc_column_text][vc_single_image image=&#8221;13001&#8243; img_size=&#8221;full&#8221; el_class=&#8221;imgg-ss&#8221;][\/vc_column_inner][vc_column_inner width=&#8221;1\/2&#8243;][vc_column_text el_class=&#8221;cont-ss&#8221;]<\/p>\n<p>Cu cat afectiunea este depistata mai precoce, cu atat manoperele conservatoare pot fi aplicate mai facil in vederea restaurarii dentare. Indiferent daca dintele ramane vital sau daca se va recurge la scoaterea nervului, mentinerea lui pe arcada va depinde de reconstructia sa.<\/p>\n<p>[\/vc_column_text][\/vc_column_inner][\/vc_row_inner][\/vc_column][\/vc_row][vc_row][vc_column][vc_column_text el_class=&#8221;title-se&#8221;]<\/p>\n<h2>PROFILAXIE<\/h2>\n<p>[\/vc_column_text][vc_row_inner][vc_column_inner width=&#8221;1\/2&#8243;][vc_column_text el_class=&#8221;cont-ss&#8221;]<\/p>\n<p>Cel mai bun tratament posibil este evitarea \u0219i prevenirea apari\u021biei problemelor dentare. Realizarea unei igiene riguroase, irepro\u0219abile, duce la o probabilitate cu p\u00e2n\u0103 la 60 de ori mai mic\u0103 de apari\u021bie a cariilor dentare, conform studiilor de specialitate. De asemenea, verificarea periodic\u0103 a denti\u021biei contribuie \u00een mod semnificativ la acest aspect.<\/p>\n<p>[\/vc_column_text][\/vc_column_inner][vc_column_inner width=&#8221;1\/2&#8243;][vc_column_text el_class=&#8221;cont-ss&#8221;]<\/p>\n<p>Sesiunea de igienizare este compus\u0103 din: periaj profesional, detartraj ultrasonic, finisarea obtura\u021biilor vechi \u0219i descoperirea posibilelor afec\u021biuni parodontale sau odontale, fluoriz\u0103ri topice \u0219i, de o importan\u021b\u0103 semnificativ\u0103, indicatii privind periajul corect si mentinerea unei stari de sanatate dentara optima.<\/p>\n<p>[\/vc_column_text][\/vc_column_inner][\/vc_row_inner][\/vc_column][\/vc_row][vc_row][vc_column][vc_column_text el_class=&#8221;title-se&#8221;]<\/p>\n<h2>PROTETICA<\/h2>\n<p>[\/vc_column_text][vc_row_inner][vc_column_inner width=&#8221;1\/2&#8243;][vc_column_text el_class=&#8221;cont-ss&#8221;]<\/p>\n<p>Momentul \u00een care suntem priva\u021bi de existen\u021ba unuia sau a mai multor din\u021bi poate s\u0103 fie nepl\u0103cut din mai multe considerente: estetice, practice \u2013 de mastica\u021bie, psihologice etc.<\/p>\n<p>[\/vc_column_text][\/vc_column_inner][vc_column_inner width=&#8221;1\/2&#8243;][vc_column_text el_class=&#8221;cont-ss&#8221;]<\/p>\n<p>\u00cen protetic\u0103, este foarte important\u0103 comunicarea cu pacientul, proces \u00een urma c\u0103ruia se stabile\u015fte tipul de lucrare protetic\u0103, se fac compara\u021bii \u00eentre diferite tipuri de lucr\u0103ri, se iau \u00een calcul ipotezele folosirii diferitelor tipuri de materiale \u015fi se pun \u00een balan\u021b\u0103 avantajele sau dezavantajele folosirii acestora \u00een cazul concret al fiec\u0103rui pacient. <\/p>\n<p>[\/vc_column_text][\/vc_column_inner][\/vc_row_inner][\/vc_column][\/vc_row][vc_row][vc_column][vc_column_text el_class=&#8221;title-se&#8221;]<\/p>\n<h2>ENDODONTIA<\/h2>\n<p>[\/vc_column_text][vc_row_inner][vc_column_inner width=&#8221;1\/2&#8243;][vc_column_text el_class=&#8221;cont-ss&#8221;]<\/p>\n<p class=\"translation-block\">\u201cEndodontics\u201d comes from Greek, meaning the inner part of the tooth. Root canal (endodontic) treatment is conducted to salvage a tooth that has been badly damaged. The root canal is the central cavity in the tooth, which contains a pulp. If the pulp becomes badly infected or harmed, root canal treatment is normally the only procedure to save the tooth. Root canal procedure involves removing the infected pulp and filling the tooth in with a dental sealant.<\/p>\n<p>[\/vc_column_text][vc_single_image image=&#8221;13004&#8243; img_size=&#8221;full&#8221; el_class=&#8221;imgg-ss&#8221;][\/vc_column_inner][vc_column_inner width=&#8221;1\/2&#8243;][vc_column_text el_class=&#8221;cont-ss&#8221;]<\/p>\n<p><\/br><\/p>\n<p>Sometimes the treatment maybe completed in a single sitting, however more commonly it takes up to 2-3 visits to successfully complete the treatment.\nFor many patients, receiving this treatment can be nerve-wracking or worrying. With the progress made in dental techniques and technologies, as well as our kind and highly trained team, there is no need to worry!<\/p>\n<p>\u00a0<\/br><\/p>\n<p>\u00a0<\/br><\/p>\n<p>[\/vc_column_text][\/vc_column_inner][\/vc_row_inner][\/vc_column][\/vc_row][vc_row][vc_column][vc_column_text el_class=&#8221;title-se&#8221;]<\/p>\n<h2>ORTODONTIE<\/h2>\n<p>[\/vc_column_text][vc_row_inner][vc_column_inner width=&#8221;1\/2&#8243;][vc_column_text el_class=&#8221;cont-ss&#8221;]<\/p>\n<p>Orthodontics deals with straightening and correcting the position of the teeth. Any orthodontic treatment begins with a consultation and preparation of the treatment plan by the specialist orthodontist.\nDepending on the situation, the patient will wear an orthodontic appliance, either fixed or mobile.\nOral hygiene plays a key role in obtaining a healthy and beautiful smile.\nTherefore, the sessions for the control of the orthodontic appliance and the hygiene of the oral cavity are recommended to be carried out every 3-4 weeks.<\/p>\n<p>[\/vc_column_text][vc_single_image image=&#8221;13005&#8243; img_size=&#8221;full&#8221; el_class=&#8221;imgg-ss&#8221;][\/vc_column_inner][vc_column_inner width=&#8221;1\/2&#8243;][vc_column_text el_class=&#8221;cont-ss&#8221;]<\/p>\n<p>In functie de situatia existenta la nivelul arcadelor dentare, pacientul va purta un aparat ortodontic, fie fix, fie mobil. Igiena orala are un rol cheie in obtinerea unui zambet sanatos si frumos. De aceea, sedintele pentru controlul aparatului ortodontic si igienizarea cavitatii bucale se recomanda a fi effectuate la 3 &#8211; 4 saptamani.<\/p>\n<p>[\/vc_column_text][\/vc_column_inner][\/vc_row_inner][\/vc_column][\/vc_row]<\/p>","protected":false},"excerpt":{"rendered":"<p>[vc_row][vc_column][vc_column_text el_class=&#8221;title-se&#8221;] IMPLANTOLOGIE [\/vc_column_text][vc_row_inner][vc_column_inner width=&#8221;1\/2&#8243;][vc_column_text el_class=&#8221;cont-ss&#8221;] Momentul \u00een care suntem priva\u021bi de existen\u021ba unui dinte poate s\u0103 fie nepl\u0103cut din mai multe considerente: estetice, practice \u2013 de mastica\u021bie, psihologice, etc. Pierderea unei unitati dentare produce modificari atat locale (atrofie osoasa,scaderea calitatii si cantitatii osoase,retractie gingivala) cat si generale. Avantajul major al implantului dentar este ca&#8230;<\/p>","protected":false},"author":3,"featured_media":0,"parent":0,"menu_order":0,"comment_status":"closed","ping_status":"closed","template":"page-no-sidebar.php","meta":{"inline_featured_image":false,"footnotes":""},"aioseo_notices":[],"_links":{"self":[{"href":"https:\/\/www.art-medical.ro\/en\/wp-json\/wp\/v2\/pages\/12985"}],"collection":[{"href":"https:\/\/www.art-medical.ro\/en\/wp-json\/wp\/v2\/pages"}],"about":[{"href":"https:\/\/www.art-medical.ro\/en\/wp-json\/wp\/v2\/types\/page"}],"author":[{"embeddable":true,"href":"https:\/\/www.art-medical.ro\/en\/wp-json\/wp\/v2\/users\/3"}],"replies":[{"embeddable":true,"href":"https:\/\/www.art-medical.ro\/en\/wp-json\/wp\/v2\/comments?post=12985"}],"version-history":[{"count":12,"href":"https:\/\/www.art-medical.ro\/en\/wp-json\/wp\/v2\/pages\/12985\/revisions"}],"predecessor-version":[{"id":13007,"href":"https:\/\/www.art-medical.ro\/en\/wp-json\/wp\/v2\/pages\/12985\/revisions\/13007"}],"wp:attachment":[{"href":"https:\/\/www.art-medical.ro\/en\/wp-json\/wp\/v2\/media?parent=12985"}],"curies":[{"name":"wp","href":"https:\/\/api.w.org\/{rel}","templated":true}]}}